{"id":15,"date":"2020-05-04T18:39:21","date_gmt":"2020-05-04T18:39:21","guid":{"rendered":"https:\/\/cloudcomunicaciones.cl\/web\/?page_id=15"},"modified":"2023-12-16T19:55:38","modified_gmt":"2023-12-16T19:55:38","slug":"home","status":"publish","type":"page","link":"https:\/\/cloudcomunicaciones.cl\/web\/","title":{"rendered":"Home"},"content":{"rendered":"<p>[et_pb_section fb_built=\u00bb1&#8243; fullwidth=\u00bbon\u00bb _builder_version=\u00bb4.9.4&#8243; background_color=\u00bb#518aff\u00bb background_image=\u00bbhttps:\/\/cloudcomunicaciones.cl\/web\/wp-content\/uploads\/2021\/08\/color-hme.jpg\u00bb custom_margin=\u00bb||-11px|||\u00bb][et_pb_fullwidth_slider _builder_version=\u00bb4.9.4&#8243; header_text_align=\u00bbleft\u00bb header_font_size=\u00bb44px\u00bb background_color=\u00bb#000000&#8243; background_image=\u00bbhttps:\/\/cloudcomunicaciones.cl\/web\/wp-content\/uploads\/2021\/08\/color-hme.jpg\u00bb background_size=\u00bbcontain\u00bb z_index=\u00bb12&#8243; content_width=\u00bb97%\u00bb min_height=\u00bb621px\u00bb custom_margin=\u00bb||10px|||\u00bb custom_padding=\u00bb83px||6px|||\u00bb][et_pb_slide heading=\u00bbTransformaci\u00f3n digital para tu equipo\u00bb button_text=\u00bbNuestro prop\u00f3sito\u00bb button_link=\u00bbhttps:\/\/cloudcomunicaciones.cl\/web\/empresa\/\u00bb content_tablet=\u00bb\u00bb content_phone=\u00bb\u00bb content_last_edited=\u00bbon|phone\u00bb _builder_version=\u00bb4.9.4&#8243; header_font=\u00bb|700|||||||\u00bb background_image=\u00bbhttps:\/\/cloudcomunicaciones.cl\/web\/wp-content\/uploads\/2021\/08\/color-hme.jpg\u00bb background_enable_image=\u00bbon\u00bb parallax=\u00bbon\u00bb custom_button=\u00bbon\u00bb button_bg_color=\u00bbrgba(0,0,0,0)\u00bb button_icon=\u00bb%%52%%\u00bb text_orientation=\u00bbleft\u00bb width=\u00bb55%\u00bb width_tablet=\u00bb\u00bb width_phone=\u00bb\u00bb width_last_edited=\u00bbon|phone\u00bb max_width_tablet=\u00bb\u00bb max_width_phone=\u00bb\u00bb max_width_last_edited=\u00bbon|phone\u00bb header_font_tablet=\u00bb\u00bb header_font_phone=\u00bb\u00bb header_font_last_edited=\u00bbon|phone\u00bb header_font_size_tablet=\u00bb\u00bb header_font_size_phone=\u00bb27px\u00bb header_font_size_last_edited=\u00bbon|phone\u00bb text_orientation_tablet=\u00bb\u00bb text_orientation_phone=\u00bb\u00bb text_orientation_last_edited=\u00bbon|phone\u00bb text_shadow_style=\u00bbpreset3&#8243; text_shadow_horizontal_length_tablet=\u00bb\u00bb text_shadow_horizontal_length_phone=\u00bb\u00bb text_shadow_horizontal_length_last_edited=\u00bbon|phone\u00bb text_shadow_blur_strength_tablet=\u00bb\u00bb text_shadow_blur_strength_phone=\u00bb\u00bb text_shadow_blur_strength_last_edited=\u00bbon|phone\u00bb inline_fonts=\u00bbAnonymous Pro\u00bb sticky_transition=\u00bbon\u00bb]<\/p>\n<h4>Acompa\u00f1amos a las organizaciones en sus procesos de transformaci\u00f3n digital, brind\u00e1ndoles soluciones tecnol\u00f3gicas personalizadas, hechas a su medida. Trabajamos en proyectos de dise\u00f1o y desarrollo de plataformas digitales, as\u00ed como tambi\u00e9n en Marketing Digital.<\/h4>\n<p>[\/et_pb_slide][\/et_pb_fullwidth_slider][\/et_pb_section][et_pb_section fb_built=\u00bb1&#8243; _builder_version=\u00bb4.9.4&#8243; background_color=\u00bb#0C71C3&#8243; min_height=\u00bb452px\u00bb height=\u00bb500px\u00bb height_tablet=\u00bb\u00bb height_phone=\u00bb854px\u00bb height_last_edited=\u00bbon|phone\u00bb max_height=\u00bb1000px\u00bb custom_margin=\u00bb4px||-89px|||\u00bb custom_padding=\u00bb44px||0px|||\u00bb][et_pb_row _builder_version=\u00bb4.9.4&#8243; _module_preset=\u00bbdefault\u00bb][et_pb_column type=\u00bb4_4&#8243; _builder_version=\u00bb4.9.4&#8243; _module_preset=\u00bbdefault\u00bb][et_pb_text _builder_version=\u00bb4.9.4&#8243; _module_preset=\u00bbdefault\u00bb text_font=\u00bb||||||||\u00bb text_text_color=\u00bb#FFFFFF\u00bb text_font_size=\u00bb45px\u00bb animation_style=\u00bbslide\u00bb animation_direction=\u00bbleft\u00bb]<\/p>\n<p><strong>Soluciones<\/strong><\/p>\n<p>[\/et_pb_text][\/et_pb_column][\/et_pb_row][et_pb_row column_structure=\u00bb1_3,1_3,1_3&#8243; _builder_version=\u00bb4.9.4&#8243; _module_preset=\u00bbdefault\u00bb][et_pb_column type=\u00bb1_3&#8243; _builder_version=\u00bb4.9.4&#8243; _module_preset=\u00bbdefault\u00bb][et_pb_text _builder_version=\u00bb4.9.4&#8243; _module_preset=\u00bbdefault\u00bb text_text_color=\u00bb#FFFFFF\u00bb text_font_size=\u00bb21px\u00bb animation_style=\u00bbfade\u00bb]<\/p>\n<p><span>Realiza tus elecciones de sindicatos, gremios, comit\u00e9 paritarios y m\u00e1s:\u00a0 100% ONLINE<\/span><\/p>\n<p>[\/et_pb_text][\/et_pb_column][et_pb_column type=\u00bb1_3&#8243; _builder_version=\u00bb4.9.4&#8243; _module_preset=\u00bbdefault\u00bb][et_pb_text _builder_version=\u00bb4.9.4&#8243; _module_preset=\u00bbdefault\u00bb text_text_color=\u00bb#FFFFFF\u00bb text_font_size=\u00bb21px\u00bb animation_style=\u00bbfade\u00bb]<\/p>\n<p><span>Gestiona tu comunidad y centraliza tus comunicaciones en un solo lugar<\/span><\/p>\n<p>[\/et_pb_text][\/et_pb_column][et_pb_column type=\u00bb1_3&#8243; _builder_version=\u00bb4.9.4&#8243; _module_preset=\u00bbdefault\u00bb][et_pb_text _builder_version=\u00bb4.9.4&#8243; _module_preset=\u00bbdefault\u00bb text_text_color=\u00bb#FFFFFF\u00bb text_font_size=\u00bb21px\u00bb animation_style=\u00bbfade\u00bb]<\/p>\n<p><span>Gestiona la venta o entrega de tickets electr\u00f3nicos, para tus diversas actividades digitales o presenciales<\/span><\/p>\n<p>[\/et_pb_text][\/et_pb_column][\/et_pb_row][et_pb_row column_structure=\u00bb1_3,1_3,1_3&#8243; _builder_version=\u00bb4.9.4&#8243; _module_preset=\u00bbdefault\u00bb][et_pb_column type=\u00bb1_3&#8243; _builder_version=\u00bb4.9.4&#8243; _module_preset=\u00bbdefault\u00bb][et_pb_button button_url=\u00bbhttps:\/\/www.votacionesenlinea.cl\u00bb url_new_window=\u00bbon\u00bb button_text=\u00bbVotacionesenL\u00ednea\u00bb button_alignment=\u00bbcenter\u00bb _builder_version=\u00bb4.9.4&#8243; _module_preset=\u00bbdefault\u00bb custom_button=\u00bbon\u00bb button_text_color=\u00bb#0C71C3&#8243; button_bg_color=\u00bb#FFFFFF\u00bb button_border_width=\u00bb2px\u00bb button_border_radius=\u00bb20px\u00bb button_icon=\u00bb%%45%%\u00bb button_icon_color=\u00bb#0C71C3&#8243; animation_style=\u00bbfade\u00bb][\/et_pb_button][\/et_pb_column][et_pb_column type=\u00bb1_3&#8243; _builder_version=\u00bb4.9.4&#8243; _module_preset=\u00bbdefault\u00bb][et_pb_button button_url=\u00bbhttps:\/\/cloudcomunicaciones.cl\/web\/cloudboard\/\u00bb button_text=\u00bbMiSindicato\u00bb button_alignment=\u00bbcenter\u00bb _builder_version=\u00bb4.9.4&#8243; _module_preset=\u00bbdefault\u00bb custom_button=\u00bbon\u00bb button_text_color=\u00bb#0C71C3&#8243; button_bg_color=\u00bb#FFFFFF\u00bb button_border_width=\u00bb2px\u00bb button_border_radius=\u00bb20px\u00bb button_icon=\u00bb%%104%%\u00bb button_icon_color=\u00bb#0C71C3&#8243; animation_style=\u00bbfade\u00bb][\/et_pb_button][\/et_pb_column][et_pb_column type=\u00bb1_3&#8243; _builder_version=\u00bb4.9.4&#8243; _module_preset=\u00bbdefault\u00bb][et_pb_button button_url=\u00bbhttps:\/\/www.cloudticket.cl\u00bb button_text=\u00bbCloudTicket\u00bb button_alignment=\u00bbcenter\u00bb _builder_version=\u00bb4.9.4&#8243; _module_preset=\u00bbdefault\u00bb custom_button=\u00bbon\u00bb button_text_color=\u00bb#0C71C3&#8243; button_bg_color=\u00bb#FFFFFF\u00bb button_border_width=\u00bb2px\u00bb button_border_radius=\u00bb20px\u00bb button_icon=\u00bb%%111%%\u00bb button_icon_color=\u00bb#0C71C3&#8243; animation_style=\u00bbfade\u00bb][\/et_pb_button][\/et_pb_column][\/et_pb_row][\/et_pb_section][et_pb_section fb_built=\u00bb1&#8243; _builder_version=\u00bb4.9.4&#8243; _module_preset=\u00bbdefault\u00bb background_color=\u00bb#efefef\u00bb min_height=\u00bb161.7px\u00bb][et_pb_row column_structure=\u00bb1_2,1_2&#8243; _builder_version=\u00bb4.9.4&#8243; _module_preset=\u00bbdefault\u00bb min_height=\u00bb0px\u00bb custom_margin=\u00bb|auto|-38px|auto||\u00bb][et_pb_column type=\u00bb1_2&#8243; _builder_version=\u00bb4.9.4&#8243; _module_preset=\u00bbdefault\u00bb][et_pb_text _builder_version=\u00bb4.9.4&#8243; _module_preset=\u00bbdefault\u00bb custom_margin=\u00bb||2px|||\u00bb]<\/p>\n<h4 style=\"text-align: center;\"><strong>Todas nuestras plataformas est\u00e1n alojadas en:<\/strong><\/h4>\n<h4 style=\"text-align: center;\">\u00a0 <a href=\"https:\/\/cloud.google.com\/sustainability\" target=\"_blank\" rel=\"noopener\" title=\"Google Cloud\"><img loading=\"lazy\" decoding=\"async\" src=\"https:\/\/cloudcomunicaciones.cl\/web\/wp-content\/uploads\/2021\/10\/cloud-logo.png\" width=\"139\" height=\"24\" alt=\"\" class=\"wp-image-622 alignnone size-full\" \/><\/a><\/h4>\n<p>[\/et_pb_text][et_pb_text _builder_version=\u00bb4.9.4&#8243; _module_preset=\u00bbdefault\u00bb]<\/p>\n<div class=\"cws-body--large cws-spacer-2--top cws-spacer-2--bottom richtext\">\n<h6 style=\"text-align: center;\"><em>Objetivo 2030: Servicios basados en energ\u00eda libre de carbono de forma ininterrumpida.<\/em><\/h6>\n<\/div>\n<p>[\/et_pb_text][\/et_pb_column][et_pb_column type=\u00bb1_2&#8243; _builder_version=\u00bb4.9.4&#8243; _module_preset=\u00bbdefault\u00bb][et_pb_counters _builder_version=\u00bb4.9.4&#8243; _module_preset=\u00bbdefault\u00bb][et_pb_counter percent=\u00bb100&#8243; _builder_version=\u00bb4.9.4&#8243; _module_preset=\u00bbdefault\u00bb background_enable_color_default=\u00bbon\u00bb parallax_default=\u00bboff\u00bb parallax_method_default=\u00bbon\u00bb bar_background_color_default=\u00bb#7EBEC5&#8243; use_percentages=\u00bbon\u00bb allow_player_pause_default=\u00bboff\u00bb]Energ\u00edas renovables[\/et_pb_counter][et_pb_counter percent=\u00bb90&#8243; _builder_version=\u00bb4.9.4&#8243; _module_preset=\u00bbdefault\u00bb background_enable_color_default=\u00bbon\u00bb parallax_default=\u00bboff\u00bb parallax_method_default=\u00bbon\u00bb bar_background_color_default=\u00bb#7EBEC5&#8243; use_percentages=\u00bbon\u00bb allow_player_pause_default=\u00bboff\u00bb]Residuos desviados de vertederos[\/et_pb_counter][\/et_pb_counters][\/et_pb_column][\/et_pb_row][\/et_pb_section][et_pb_section fb_built=\u00bb1&#8243; _builder_version=\u00bb4.9.4&#8243; background_color=\u00bb#0b48c1&#8243; min_height=\u00bb225px\u00bb min_height_tablet=\u00bb\u00bb min_height_phone=\u00bb502px\u00bb min_height_last_edited=\u00bbon|phone\u00bb height=\u00bb400px\u00bb height_tablet=\u00bb\u00bb height_phone=\u00bb1000px\u00bb height_last_edited=\u00bbon|phone\u00bb max_height=\u00bb400px\u00bb custom_margin=\u00bb||-86px|||\u00bb custom_padding=\u00bb40px||0px|||\u00bb][et_pb_row _builder_version=\u00bb4.2.2&#8243;][et_pb_column type=\u00bb4_4&#8243; _builder_version=\u00bb4.2.2&#8243;][et_pb_text _builder_version=\u00bb4.9.4&#8243; text_font=\u00bbAnonymous Pro||||||||\u00bb text_font_size=\u00bb73px\u00bb header_font=\u00bbBiryani|900|||||||\u00bb header_text_color=\u00bb#0c71c3&#8243; header_font_size=\u00bb47px\u00bb background_color=\u00bbRGBA(0,0,0,0)\u00bb text_orientation=\u00bbcenter\u00bb min_height=\u00bb32px\u00bb custom_padding=\u00bb0px|||||\u00bb animation_style=\u00bbslide\u00bb animation_direction=\u00bbleft\u00bb]<\/p>\n<h1 style=\"text-align: left;\"><span color=\"#3366ff\" style=\"color: #ffffff;\"><span style=\"caret-color: #3366ff;\">Servicios especiales<\/span><\/span><\/h1>\n<p>[\/et_pb_text][\/et_pb_column][\/et_pb_row][et_pb_row column_structure=\u00bb1_4,1_4,1_4,1_4&#8243; _builder_version=\u00bb4.2.2&#8243; min_height=\u00bb113px\u00bb custom_margin=\u00bb|auto|25px|auto||\u00bb][et_pb_column type=\u00bb1_4&#8243; _builder_version=\u00bb4.2.2&#8243;][et_pb_text _builder_version=\u00bb4.9.4&#8243; text_font=\u00bb||||||||\u00bb custom_margin=\u00bb||1px|||\u00bb animation_style=\u00bbslide\u00bb animation_direction=\u00bbleft\u00bb link_option_url=\u00bbhttps:\/\/cloudcomunicaciones.cl\/web\/community-management-y-soporte-web\/\u00bb]<\/p>\n<h1><span style=\"color: #ffffff;\">Community Management y Soporte web<\/span><span style=\"color: #999999;\"><\/span><\/h1>\n<p>[\/et_pb_text][\/et_pb_column][et_pb_column type=\u00bb1_4&#8243; _builder_version=\u00bb4.2.2&#8243;][et_pb_text _builder_version=\u00bb4.9.4&#8243; text_font=\u00bb||||||||\u00bb animation_style=\u00bbslide\u00bb animation_direction=\u00bbleft\u00bb link_option_url=\u00bbhttps:\/\/cloudcomunicaciones.cl\/web\/diseno-web\/\u00bb]<\/p>\n<h1><span style=\"color: #ffffff;\">Dise\u00f1o y Desarrollo web, plataformas y APPs<\/span><\/h1>\n<p>[\/et_pb_text][\/et_pb_column][et_pb_column type=\u00bb1_4&#8243; _builder_version=\u00bb4.2.2&#8243;][et_pb_text _builder_version=\u00bb4.9.4&#8243; text_font=\u00bb||||||||\u00bb animation_style=\u00bbslide\u00bb animation_direction=\u00bbleft\u00bb link_option_url=\u00bbhttps:\/\/cloudcomunicaciones.cl\/web\/diseno\/\u00bb]<\/p>\n<h1><span style=\"color: #ffffff;\">Dise\u00f1o gr\u00e1fico corporativo<\/span><\/h1>\n<p>[\/et_pb_text][\/et_pb_column][et_pb_column type=\u00bb1_4&#8243; _builder_version=\u00bb4.9.4&#8243; _module_preset=\u00bbdefault\u00bb][et_pb_text _builder_version=\u00bb4.9.4&#8243; text_font=\u00bb||||||||\u00bb animation_style=\u00bbslide\u00bb animation_direction=\u00bbleft\u00bb link_option_url=\u00bbhttps:\/\/cloudcomunicaciones.cl\/web\/hosting\/\u00bb]<\/p>\n<h1><span style=\"color: #ffffff;\">Hosting<\/span><\/h1>\n<p>[\/et_pb_text][\/et_pb_column][\/et_pb_row][\/et_pb_section][et_pb_section fb_built=\u00bb1&#8243; _builder_version=\u00bb4.9.4&#8243; background_color=\u00bb#FFFFFF\u00bb max_width_tablet=\u00bb\u00bb max_width_phone=\u00bb\u00bb max_width_last_edited=\u00bbon|phone\u00bb min_height=\u00bb808px\u00bb custom_padding=\u00bb||14px|||\u00bb animation_style=\u00bbfade\u00bb][et_pb_row _builder_version=\u00bb4.2.2&#8243; min_height=\u00bb56px\u00bb custom_padding=\u00bb7px||0px|||\u00bb][et_pb_column type=\u00bb4_4&#8243; _builder_version=\u00bb4.2.2&#8243;][et_pb_text _builder_version=\u00bb4.9.4&#8243; text_font_size=\u00bb47px\u00bb min_height=\u00bb61px\u00bb custom_margin=\u00bb||-3px|||\u00bb]<\/p>\n<p style=\"text-align: left;\"><strong><span style=\"color: #808080;\">Clientes<\/span><\/strong><\/p>\n<p>[\/et_pb_text][\/et_pb_column][\/et_pb_row][et_pb_row column_structure=\u00bb1_4,1_4,1_4,1_4&#8243; _builder_version=\u00bb4.2.2&#8243; min_height=\u00bb81px\u00bb][et_pb_column type=\u00bb1_4&#8243; _builder_version=\u00bb4.2.2&#8243;][et_pb_image src=\u00bbhttps:\/\/cloudcomunicaciones.cl\/web\/wp-content\/uploads\/2021\/08\/uvm.png\u00bb title_text=\u00bbuvm\u00bb align=\u00bbcenter\u00bb _builder_version=\u00bb4.9.4&#8243; width=\u00bb56%\u00bb min_height=\u00bb100px\u00bb max_height=\u00bb1000px\u00bb][\/et_pb_image][\/et_pb_column][et_pb_column type=\u00bb1_4&#8243; _builder_version=\u00bb4.2.2&#8243;][et_pb_image src=\u00bbhttps:\/\/cloudcomunicaciones.cl\/web\/wp-content\/uploads\/2020\/06\/sindicatocmcc.png\u00bb align=\u00bbcenter\u00bb _builder_version=\u00bb4.9.4&#8243;][\/et_pb_image][\/et_pb_column][et_pb_column type=\u00bb1_4&#8243; _builder_version=\u00bb4.2.2&#8243;][et_pb_image src=\u00bbhttps:\/\/cloudcomunicaciones.cl\/web\/wp-content\/uploads\/2020\/06\/mallzofri.png\u00bb _builder_version=\u00bb4.2.2&#8243;][\/et_pb_image][\/et_pb_column][et_pb_column type=\u00bb1_4&#8243; _builder_version=\u00bb4.2.2&#8243;][et_pb_image src=\u00bbhttps:\/\/cloudcomunicaciones.cl\/web\/wp-content\/uploads\/2020\/06\/iti.png\u00bb _builder_version=\u00bb4.2.2&#8243;][\/et_pb_image][\/et_pb_column][\/et_pb_row][et_pb_row column_structure=\u00bb1_4,1_4,1_4,1_4&#8243; _builder_version=\u00bb4.2.2&#8243; min_height=\u00bb79px\u00bb custom_margin=\u00bb19px|auto|49px|auto||\u00bb custom_padding=\u00bb2px||6px|||\u00bb][et_pb_column type=\u00bb1_4&#8243; _builder_version=\u00bb4.2.2&#8243;][et_pb_image src=\u00bbhttps:\/\/cloudcomunicaciones.cl\/web\/wp-content\/uploads\/2021\/10\/Logo-turquesa_fondo-transparente.png\u00bb title_text=\u00bbLogo-turquesa_fondo-transparente\u00bb _builder_version=\u00bb4.9.4&#8243;][\/et_pb_image][\/et_pb_column][et_pb_column type=\u00bb1_4&#8243; _builder_version=\u00bb4.2.2&#8243;][et_pb_image src=\u00bbhttps:\/\/cloudcomunicaciones.cl\/web\/wp-content\/uploads\/2021\/08\/educacion.png\u00bb title_text=\u00bbeducacion\u00bb _builder_version=\u00bb4.9.4&#8243;][\/et_pb_image][\/et_pb_column][et_pb_column type=\u00bb1_4&#8243; _builder_version=\u00bb4.2.2&#8243;][et_pb_image src=\u00bbhttps:\/\/cloudcomunicaciones.cl\/web\/wp-content\/uploads\/2021\/07\/logofmc.png\u00bb title_text=\u00bblogofmc\u00bb align=\u00bbcenter\u00bb _builder_version=\u00bb4.9.4&#8243;][\/et_pb_image][\/et_pb_column][et_pb_column type=\u00bb1_4&#8243; _builder_version=\u00bb4.2.2&#8243;][et_pb_image src=\u00bbhttps:\/\/cloudcomunicaciones.cl\/web\/wp-content\/uploads\/2021\/07\/logo-3.png\u00bb title_text=\u00bblogo-3&#8243; _builder_version=\u00bb4.9.4&#8243;][\/et_pb_image][\/et_pb_column][\/et_pb_row][et_pb_row column_structure=\u00bb1_4,1_4,1_4,1_4&#8243; _builder_version=\u00bb4.2.2&#8243; min_height=\u00bb79px\u00bb custom_margin=\u00bb19px|auto|4px|auto||\u00bb custom_padding=\u00bb0px|||||\u00bb][et_pb_column type=\u00bb1_4&#8243; _builder_version=\u00bb4.2.2&#8243;][et_pb_image src=\u00bbhttps:\/\/cloudcomunicaciones.cl\/web\/wp-content\/uploads\/2020\/06\/warmi.png\u00bb _builder_version=\u00bb4.2.2&#8243;][\/et_pb_image][\/et_pb_column][et_pb_column type=\u00bb1_4&#8243; _builder_version=\u00bb4.2.2&#8243;][et_pb_image src=\u00bbhttps:\/\/cloudcomunicaciones.cl\/web\/wp-content\/uploads\/2021\/08\/consejo-defensa.png\u00bb title_text=\u00bbconsejo defensa\u00bb _builder_version=\u00bb4.9.4&#8243;][\/et_pb_image][\/et_pb_column][et_pb_column type=\u00bb1_4&#8243; _builder_version=\u00bb4.2.2&#8243;][et_pb_image src=\u00bbhttps:\/\/cloudcomunicaciones.cl\/web\/wp-content\/uploads\/2020\/06\/fund_collahuasi-1.png\u00bb _builder_version=\u00bb4.2.2&#8243; max_width=\u00bb110%\u00bb][\/et_pb_image][\/et_pb_column][et_pb_column type=\u00bb1_4&#8243; _builder_version=\u00bb4.2.2&#8243;][et_pb_image src=\u00bbhttps:\/\/cloudcomunicaciones.cl\/web\/wp-content\/uploads\/2021\/08\/gasco.png\u00bb title_text=\u00bbgasco\u00bb align=\u00bbcenter\u00bb _builder_version=\u00bb4.9.4&#8243;][\/et_pb_image][\/et_pb_column][\/et_pb_row][et_pb_row column_structure=\u00bb1_4,1_4,1_4,1_4&#8243; _builder_version=\u00bb4.2.2&#8243; min_height=\u00bb79px\u00bb custom_margin=\u00bb19px|auto|49px|auto||\u00bb custom_padding=\u00bb13px||11px|||\u00bb][et_pb_column type=\u00bb1_4&#8243; _builder_version=\u00bb4.2.2&#8243;][et_pb_image src=\u00bbhttps:\/\/cloudcomunicaciones.cl\/web\/wp-content\/uploads\/2020\/06\/colegiosscc.png\u00bb _builder_version=\u00bb4.2.2&#8243;][\/et_pb_image][\/et_pb_column][et_pb_column type=\u00bb1_4&#8243; _builder_version=\u00bb4.2.2&#8243;][et_pb_image src=\u00bbhttps:\/\/cloudcomunicaciones.cl\/web\/wp-content\/uploads\/2020\/06\/jhb.png\u00bb title_text=\u00bbjhb\u00bb _builder_version=\u00bb4.9.4&#8243;][\/et_pb_image][\/et_pb_column][et_pb_column type=\u00bb1_4&#8243; _builder_version=\u00bb4.2.2&#8243;][et_pb_image src=\u00bbhttps:\/\/cloudcomunicaciones.cl\/web\/wp-content\/uploads\/2021\/08\/logo-uahc-hor.png\u00bb title_text=\u00bblogo-uahc-hor\u00bb align=\u00bbcenter\u00bb _builder_version=\u00bb4.9.4&#8243;][\/et_pb_image][\/et_pb_column][et_pb_column type=\u00bb1_4&#8243; _builder_version=\u00bb4.2.2&#8243;][et_pb_image src=\u00bbhttps:\/\/cloudcomunicaciones.cl\/web\/wp-content\/uploads\/2021\/08\/hb.png\u00bb title_text=\u00bbhb\u00bb _builder_version=\u00bb4.9.4&#8243; width=\u00bb33%\u00bb module_alignment=\u00bbcenter\u00bb][\/et_pb_image][\/et_pb_column][\/et_pb_row][et_pb_row column_structure=\u00bb1_4,1_4,1_4,1_4&#8243; _builder_version=\u00bb4.2.2&#8243; min_height=\u00bb79px\u00bb custom_margin=\u00bb19px|auto|49px|auto||\u00bb custom_padding=\u00bb13px||11px|||\u00bb][et_pb_column type=\u00bb1_4&#8243; _builder_version=\u00bb4.2.2&#8243;][et_pb_image src=\u00bbhttps:\/\/cloudcomunicaciones.cl\/web\/wp-content\/uploads\/2022\/01\/NUE_20170216_12910.jpg\u00bb title_text=\u00bbNUE_20170216_12910&#8243; align=\u00bbcenter\u00bb _builder_version=\u00bb4.9.4&#8243; _module_preset=\u00bbdefault\u00bb][\/et_pb_image][\/et_pb_column][et_pb_column type=\u00bb1_4&#8243; _builder_version=\u00bb4.2.2&#8243;][et_pb_image src=\u00bbhttps:\/\/cloudcomunicaciones.cl\/web\/wp-content\/uploads\/2021\/08\/Sin-ti\u0301tulo.png\u00bb title_text=\u00bbSin ti\u0301tulo\u00bb _builder_version=\u00bb4.9.4&#8243;][\/et_pb_image][\/et_pb_column][et_pb_column type=\u00bb1_4&#8243; _builder_version=\u00bb4.2.2&#8243;][et_pb_image src=\u00bbhttps:\/\/cloudcomunicaciones.cl\/web\/wp-content\/uploads\/2021\/08\/Escuela-Pozo.png\u00bb title_text=\u00bbEscuela Pozo\u00bb align=\u00bbcenter\u00bb _builder_version=\u00bb4.9.4&#8243; _module_preset=\u00bbdefault\u00bb][\/et_pb_image][\/et_pb_column][et_pb_column type=\u00bb1_4&#8243; _builder_version=\u00bb4.2.2&#8243;][et_pb_image src=\u00bbhttps:\/\/cloudcomunicaciones.cl\/web\/wp-content\/uploads\/2021\/08\/Lirma-Icone-1.png\u00bb title_text=\u00bbLirma-Icone\u00bb align=\u00bbcenter\u00bb _builder_version=\u00bb4.9.4&#8243;][\/et_pb_image][\/et_pb_column][\/et_pb_row][\/et_pb_section]<\/p>\n","protected":false},"excerpt":{"rendered":"<p>[et_pb_section fb_built=\u00bb1&#8243; fullwidth=\u00bbon\u00bb _builder_version=\u00bb4.9.4&#8243; background_color=\u00bb#518aff\u00bb background_image=\u00bbhttps:\/\/cloudcomunicaciones.cl\/web\/wp-content\/uploads\/2021\/08\/color-hme.jpg\u00bb custom_margin=\u00bb||-11px|||\u00bb][et_pb_fullwidth_slider _builder_version=\u00bb4.9.4&#8243; header_text_align=\u00bbleft\u00bb header_font_size=\u00bb44px\u00bb background_color=\u00bb#000000&#8243; background_image=\u00bbhttps:\/\/cloudcomunicaciones.cl\/web\/wp-content\/uploads\/2021\/08\/color-hme.jpg\u00bb background_size=\u00bbcontain\u00bb z_index=\u00bb12&#8243; content_width=\u00bb97%\u00bb min_height=\u00bb621px\u00bb custom_margin=\u00bb||10px|||\u00bb custom_padding=\u00bb83px||6px|||\u00bb][et_pb_slide heading=\u00bbTransformaci\u00f3n digital para tu equipo\u00bb button_text=\u00bbNuestro prop\u00f3sito\u00bb button_link=\u00bbhttps:\/\/cloudcomunicaciones.cl\/web\/empresa\/\u00bb content_tablet=\u00bb\u00bb content_phone=\u00bb\u00bb content_last_edited=\u00bbon|phone\u00bb _builder_version=\u00bb4.9.4&#8243; header_font=\u00bb|700|||||||\u00bb background_image=\u00bbhttps:\/\/cloudcomunicaciones.cl\/web\/wp-content\/uploads\/2021\/08\/color-hme.jpg\u00bb background_enable_image=\u00bbon\u00bb parallax=\u00bbon\u00bb custom_button=\u00bbon\u00bb button_bg_color=\u00bbrgba(0,0,0,0)\u00bb button_icon=\u00bb%%52%%\u00bb text_orientation=\u00bbleft\u00bb width=\u00bb55%\u00bb width_tablet=\u00bb\u00bb width_phone=\u00bb\u00bb width_last_edited=\u00bbon|phone\u00bb max_width_tablet=\u00bb\u00bb max_width_phone=\u00bb\u00bb max_width_last_edited=\u00bbon|phone\u00bb header_font_tablet=\u00bb\u00bb header_font_phone=\u00bb\u00bb header_font_last_edited=\u00bbon|phone\u00bb header_font_size_tablet=\u00bb\u00bb header_font_size_phone=\u00bb27px\u00bb header_font_size_last_edited=\u00bbon|phone\u00bb text_orientation_tablet=\u00bb\u00bb text_orientation_phone=\u00bb\u00bb text_orientation_last_edited=\u00bbon|phone\u00bb text_shadow_style=\u00bbpreset3&#8243; [&hellip;]<\/p>\n","protected":false},"author":1,"featured_media":0,"parent":0,"menu_order":0,"comment_status":"closed","ping_status":"closed","template":"","meta":{"_et_pb_use_builder":"on","_et_pb_old_content":"","_et_gb_content_width":"","footnotes":""},"class_list":["post-15","page","type-page","status-publish","hentry"],"_links":{"self":[{"href":"https:\/\/cloudcomunicaciones.cl\/web\/wp-json\/wp\/v2\/pages\/15","targetHints":{"allow":["GET"]}}],"collection":[{"href":"https:\/\/cloudcomunicaciones.cl\/web\/wp-json\/wp\/v2\/pages"}],"about":[{"href":"https:\/\/cloudcomunicaciones.cl\/web\/wp-json\/wp\/v2\/types\/page"}],"author":[{"embeddable":true,"href":"https:\/\/cloudcomunicaciones.cl\/web\/wp-json\/wp\/v2\/users\/1"}],"replies":[{"embeddable":true,"href":"https:\/\/cloudcomunicaciones.cl\/web\/wp-json\/wp\/v2\/comments?post=15"}],"version-history":[{"count":100,"href":"https:\/\/cloudcomunicaciones.cl\/web\/wp-json\/wp\/v2\/pages\/15\/revisions"}],"predecessor-version":[{"id":704,"href":"https:\/\/cloudcomunicaciones.cl\/web\/wp-json\/wp\/v2\/pages\/15\/revisions\/704"}],"wp:attachment":[{"href":"https:\/\/cloudcomunicaciones.cl\/web\/wp-json\/wp\/v2\/media?parent=15"}],"curies":[{"name":"wp","href":"https:\/\/api.w.org\/{rel}","templated":true}]}}