{"id":257,"date":"2020-06-18T22:04:32","date_gmt":"2020-06-18T22:04:32","guid":{"rendered":"https:\/\/cloudcomunicaciones.cl\/web\/?page_id=257"},"modified":"2022-06-03T18:59:08","modified_gmt":"2022-06-03T18:59:08","slug":"cloudboard","status":"publish","type":"page","link":"https:\/\/cloudcomunicaciones.cl\/web\/cloudboard\/","title":{"rendered":"Mi Sindicato.APP"},"content":{"rendered":"<p>[et_pb_section fb_built=\u00bb1&#8243; _builder_version=\u00bb4.2.2&#8243; custom_padding=\u00bb||0px|||\u00bb][et_pb_row _builder_version=\u00bb4.2.2&#8243; min_height=\u00bb180px\u00bb][et_pb_column type=\u00bb4_4&#8243; _builder_version=\u00bb4.2.2&#8243;][et_pb_image src=\u00bbhttps:\/\/cloudcomunicaciones.cl\/web\/wp-content\/uploads\/2022\/03\/Captura-de-Pantalla-2022-03-23-a-las-18.33.15.png\u00bb title_text=\u00bbCaptura de Pantalla 2022-03-23 a la(s) 18.33.15&#8243; _builder_version=\u00bb4.9.4&#8243; _module_preset=\u00bbdefault\u00bb width=\u00bb55%\u00bb module_alignment=\u00bbcenter\u00bb][\/et_pb_image][et_pb_text _builder_version=\u00bb4.9.4&#8243; text_font=\u00bb|700|||||||\u00bb text_text_color=\u00bb#6b6b6b\u00bb text_font_size=\u00bb50px\u00bb text_line_height=\u00bb1.1em\u00bb text_orientation=\u00bbcenter\u00bb module_alignment=\u00bbcenter\u00bb min_height=\u00bb86px\u00bb custom_margin=\u00bb0px||||false|false\u00bb]<\/p>\n<p><strong>Transformamos digitalmente tu organizaci\u00f3n<\/strong><\/p>\n<p>[\/et_pb_text][\/et_pb_column][\/et_pb_row][et_pb_row _builder_version=\u00bb4.2.2&#8243;][et_pb_column type=\u00bb4_4&#8243; _builder_version=\u00bb4.2.2&#8243;][et_pb_text _builder_version=\u00bb4.9.4&#8243; text_font=\u00bb|700|||||||\u00bb width=\u00bb60%\u00bb module_alignment=\u00bbcenter\u00bb]<\/p>\n<h1 style=\"text-align: center;\">Cada vez son m\u00e1s las organizaciones que gestionan su comunidad con nuestra App<\/h1>\n<p>[\/et_pb_text][\/et_pb_column][\/et_pb_row][et_pb_row _builder_version=\u00bb4.9.4&#8243; _module_preset=\u00bbdefault\u00bb][et_pb_column _builder_version=\u00bb4.9.4&#8243; _module_preset=\u00bbdefault\u00bb type=\u00bb4_4&#8243;][et_pb_image src=\u00bbhttps:\/\/cloudcomunicaciones.cl\/web\/wp-content\/uploads\/2022\/06\/icono.jpg\u00bb title_text=\u00bbicono\u00bb align=\u00bbcenter\u00bb _builder_version=\u00bb4.9.4&#8243; _module_preset=\u00bbdefault\u00bb animation_style=\u00bbslide\u00bb animation_direction=\u00bbright\u00bb hover_enabled=\u00bb0&#8243; border_radii=\u00bbon|20%|20%|20%|20%\u00bb width=\u00bb15%\u00bb sticky_enabled=\u00bb0&#8243;][\/et_pb_image][\/et_pb_column][\/et_pb_row][et_pb_row _builder_version=\u00bb4.9.4&#8243; _module_preset=\u00bbdefault\u00bb column_structure=\u00bb1_2,1_2&#8243;][et_pb_column _builder_version=\u00bb4.9.4&#8243; _module_preset=\u00bbdefault\u00bb type=\u00bb1_2&#8243;][et_pb_image src=\u00bbhttps:\/\/cloudcomunicaciones.cl\/web\/wp-content\/uploads\/2020\/06\/Appstore.png\u00bb _builder_version=\u00bb4.9.4&#8243; _module_preset=\u00bbdefault\u00bb title_text=\u00bbAppstore\u00bb align=\u00bbright\u00bb hover_enabled=\u00bb0&#8243; sticky_enabled=\u00bb0&#8243; url=\u00bbhttps:\/\/apps.apple.com\/cl\/app\/misindicato\/id1627092504&#8243; url_new_window=\u00bbon\u00bb][\/et_pb_image][\/et_pb_column][et_pb_column _builder_version=\u00bb4.9.4&#8243; _module_preset=\u00bbdefault\u00bb type=\u00bb1_2&#8243;][et_pb_image src=\u00bbhttps:\/\/cloudcomunicaciones.cl\/web\/wp-content\/uploads\/2020\/06\/google_play.png\u00bb _builder_version=\u00bb4.9.4&#8243; _module_preset=\u00bbdefault\u00bb title_text=\u00bbgoogle_play\u00bb hover_enabled=\u00bb0&#8243; sticky_enabled=\u00bb0&#8243; url=\u00bbhttps:\/\/play.google.com\/store\/apps\/details?id=app.misindicato\u00bb url_new_window=\u00bbon\u00bb][\/et_pb_image][\/et_pb_column][\/et_pb_row][et_pb_row _builder_version=\u00bb4.2.2&#8243;][et_pb_column type=\u00bb4_4&#8243; _builder_version=\u00bb4.2.2&#8243;][et_pb_text _builder_version=\u00bb4.9.4&#8243; _module_preset=\u00bbdefault\u00bb text_font=\u00bb|700|||||||\u00bb text_text_color=\u00bb#000000&#8243; text_font_size=\u00bb32px\u00bb hover_enabled=\u00bb0&#8243; sticky_enabled=\u00bb0&#8243;]<\/p>\n<p>Clientes<\/p>\n<p>[\/et_pb_text][\/et_pb_column][\/et_pb_row][et_pb_row column_structure=\u00bb1_6,1_6,1_6,1_6,1_6,1_6&#8243; _builder_version=\u00bb4.2.2&#8243;][et_pb_column type=\u00bb1_6&#8243; _builder_version=\u00bb4.2.2&#8243;][et_pb_image src=\u00bbhttps:\/\/cloudcomunicaciones.cl\/web\/wp-content\/uploads\/2021\/07\/icon-1024.png\u00bb title_text=\u00bbSindicato Trabajadores Escondida\u00bb align=\u00bbcenter\u00bb _builder_version=\u00bb4.9.4&#8243; _module_preset=\u00bbdefault\u00bb animation_style=\u00bbslide\u00bb animation_direction=\u00bbright\u00bb border_radii=\u00bbon|20%|20%|20%|20%\u00bb][\/et_pb_image][\/et_pb_column][et_pb_column type=\u00bb1_6&#8243; _builder_version=\u00bb4.2.2&#8243;][et_pb_image src=\u00bbhttps:\/\/cloudcomunicaciones.cl\/web\/wp-content\/uploads\/2021\/07\/1024.png\u00bb title_text=\u00bbSindicato Collahuasi\u00bb align=\u00bbcenter\u00bb _builder_version=\u00bb4.9.4&#8243; _module_preset=\u00bbdefault\u00bb animation_style=\u00bbslide\u00bb animation_direction=\u00bbright\u00bb border_radii=\u00bbon|20%|20%|20%|20%\u00bb][\/et_pb_image][\/et_pb_column][et_pb_column type=\u00bb1_6&#8243; _builder_version=\u00bb4.2.2&#8243;][et_pb_image src=\u00bbhttps:\/\/cloudcomunicaciones.cl\/web\/wp-content\/uploads\/2021\/07\/ios-marketing.png\u00bb title_text=\u00bbSindicato Minera Los Pelambres\u00bb align=\u00bbcenter\u00bb _builder_version=\u00bb4.9.4&#8243; _module_preset=\u00bbdefault\u00bb animation_style=\u00bbslide\u00bb animation_direction=\u00bbright\u00bb border_radii=\u00bbon|20%|20%|20%|20%\u00bb][\/et_pb_image][\/et_pb_column][et_pb_column type=\u00bb1_6&#8243; _builder_version=\u00bb4.2.2&#8243;][et_pb_image src=\u00bbhttps:\/\/cloudcomunicaciones.cl\/web\/wp-content\/uploads\/2021\/07\/icon-1024-2.png\u00bb title_text=\u00bbSindicato Cerro Colorado\u00bb align=\u00bbcenter\u00bb _builder_version=\u00bb4.9.4&#8243; _module_preset=\u00bbdefault\u00bb animation_style=\u00bbslide\u00bb animation_direction=\u00bbright\u00bb border_radii=\u00bbon|20%|20%|20%|20%\u00bb][\/et_pb_image][\/et_pb_column][et_pb_column type=\u00bb1_6&#8243; _builder_version=\u00bb4.2.2&#8243;][et_pb_image src=\u00bbhttps:\/\/cloudcomunicaciones.cl\/web\/wp-content\/uploads\/2022\/02\/logo2.png\u00bb title_text=\u00bblogo2&#8243; align=\u00bbcenter\u00bb _builder_version=\u00bb4.9.4&#8243; _module_preset=\u00bbdefault\u00bb animation_style=\u00bbslide\u00bb animation_direction=\u00bbright\u00bb border_radii=\u00bbon|20%|20%|20%|20%\u00bb][\/et_pb_image][\/et_pb_column][et_pb_column type=\u00bb1_6&#8243; _builder_version=\u00bb4.2.2&#8243;][et_pb_image src=\u00bbhttps:\/\/cloudcomunicaciones.cl\/web\/wp-content\/uploads\/2021\/07\/icon-1024-1.png\u00bb title_text=\u00bbFederaci\u00f3n Minera de Chile\u00bb align=\u00bbcenter\u00bb _builder_version=\u00bb4.9.4&#8243; _module_preset=\u00bbdefault\u00bb animation_style=\u00bbslide\u00bb animation_direction=\u00bbright\u00bb border_radii=\u00bbon|20%|20%|20%|20%\u00bb][\/et_pb_image][\/et_pb_column][\/et_pb_row][\/et_pb_section][et_pb_section fb_built=\u00bb1&#8243; _builder_version=\u00bb4.2.2&#8243; min_height=\u00bb670px\u00bb][et_pb_row _builder_version=\u00bb4.2.2&#8243; min_height=\u00bb148px\u00bb][et_pb_column type=\u00bb4_4&#8243; _builder_version=\u00bb4.2.2&#8243;][et_pb_text content_tablet=\u00bb\u00bb content_phone=\u00bb<\/p>\n<p><span style=\"%22color:\" #000000;%22=\"\">CloudBoard es una App que permite conectar a tu equipo de trabajo a trav\u00e9s de diversos m\u00f3dulos de gesti\u00f3n como mensajes, informativos, documentos, agenda, calendario, entre otros.<\/span><\/p>\n<p><span style=\"%22color:\" #000000;%22=\"\">A trav\u00e9s de esta puedes gestionar la comunicaci\u00f3n interna de tu empresa u organizaci\u00f3n, realizar encuestas informativas o de satisfacci\u00f3n, poder gestionar soporte a tus trabajadores y habilitar m\u00f3dulos como repositorios oficiales de documentaci\u00f3n organizacional.<\/span><\/p>\n<p>\u00bb content_last_edited=\u00bbon|phone\u00bb _builder_version=\u00bb4.9.4&#8243; text_font=\u00bb||||||||\u00bb text_text_color=\u00bb#000000&#8243; text_font_size=\u00bb18px\u00bb text_font_tablet=\u00bb\u00bb text_font_phone=\u00bb\u00bb text_font_last_edited=\u00bbon|desktop\u00bb]<\/p>\n<p style=\"text-align: justify;\">MiSindicato es una App que permite conectar a tu equipo de trabajo a trav\u00e9s de diversos m\u00f3dulos de gesti\u00f3n como mensajes, informativos, documentos, agenda, calendario, entre otros.<\/p>\n<p style=\"text-align: justify;\">A trav\u00e9s de esta puedes gestionar la comunicaci\u00f3n interna de tu empresa u organizaci\u00f3n, realizar encuestas informativas o de satisfacci\u00f3n, poder gestionar soporte a tus trabajadores y habilitar m\u00f3dulos como repositorios oficiales de documentaci\u00f3n organizacional.<\/p>\n<p>[\/et_pb_text][\/et_pb_column][\/et_pb_row][et_pb_row column_structure=\u00bb1_4,1_4,1_4,1_4&#8243; _builder_version=\u00bb4.2.2&#8243;][et_pb_column type=\u00bb1_4&#8243; _builder_version=\u00bb4.2.2&#8243;][et_pb_image src=\u00bbhttps:\/\/cloudcomunicaciones.cl\/web\/wp-content\/uploads\/2022\/06\/1.jpeg\u00bb title_text=\u00bb1&#8243; align=\u00bbcenter\u00bb src_tablet=\u00bb\u00bb src_phone=\u00bb\u00bb src_last_edited=\u00bbon|desktop\u00bb _builder_version=\u00bb4.9.4&#8243; module_alignment=\u00bbcenter\u00bb height_tablet=\u00bb\u00bb height_phone=\u00bb\u00bb height_last_edited=\u00bbon|phone\u00bb animation_style=\u00bbfade\u00bb hover_enabled=\u00bb0&#8243; sticky_enabled=\u00bb0&#8243;][\/et_pb_image][\/et_pb_column][et_pb_column type=\u00bb1_4&#8243; _builder_version=\u00bb4.2.2&#8243;][et_pb_image src=\u00bbhttps:\/\/cloudcomunicaciones.cl\/web\/wp-content\/uploads\/2022\/06\/2.jpeg\u00bb title_text=\u00bb2&#8243; align=\u00bbcenter\u00bb _builder_version=\u00bb4.9.4&#8243; animation_style=\u00bbfade\u00bb hover_enabled=\u00bb0&#8243; sticky_enabled=\u00bb0&#8243;][\/et_pb_image][\/et_pb_column][et_pb_column type=\u00bb1_4&#8243; _builder_version=\u00bb4.2.2&#8243;][et_pb_image src=\u00bbhttps:\/\/cloudcomunicaciones.cl\/web\/wp-content\/uploads\/2022\/06\/3.jpeg\u00bb title_text=\u00bb3&#8243; align=\u00bbcenter\u00bb align_tablet=\u00bb\u00bb align_phone=\u00bb\u00bb align_last_edited=\u00bbon|phone\u00bb _builder_version=\u00bb4.9.4&#8243; animation_style=\u00bbfade\u00bb hover_enabled=\u00bb0&#8243; sticky_enabled=\u00bb0&#8243;][\/et_pb_image][\/et_pb_column][et_pb_column type=\u00bb1_4&#8243; _builder_version=\u00bb4.2.2&#8243;][et_pb_image src=\u00bbhttps:\/\/cloudcomunicaciones.cl\/web\/wp-content\/uploads\/2022\/06\/4.jpeg\u00bb title_text=\u00bb4&#8243; align=\u00bbcenter\u00bb align_tablet=\u00bb\u00bb align_phone=\u00bb\u00bb align_last_edited=\u00bbon|phone\u00bb _builder_version=\u00bb4.9.4&#8243; animation_style=\u00bbfade\u00bb hover_enabled=\u00bb0&#8243; sticky_enabled=\u00bb0&#8243;][\/et_pb_image][\/et_pb_column][\/et_pb_row][et_pb_row column_structure=\u00bb1_4,1_4,1_4,1_4&#8243; _builder_version=\u00bb4.2.2&#8243;][et_pb_column type=\u00bb1_4&#8243; _builder_version=\u00bb4.2.2&#8243;][et_pb_image src=\u00bbhttps:\/\/cloudcomunicaciones.cl\/web\/wp-content\/uploads\/2022\/06\/6.jpeg\u00bb title_text=\u00bb6&#8243; align=\u00bbcenter\u00bb src_tablet=\u00bb\u00bb src_phone=\u00bb\u00bb src_last_edited=\u00bbon|desktop\u00bb _builder_version=\u00bb4.9.4&#8243; module_alignment=\u00bbcenter\u00bb height_tablet=\u00bb\u00bb height_phone=\u00bb\u00bb height_last_edited=\u00bbon|phone\u00bb animation_style=\u00bbfade\u00bb hover_enabled=\u00bb0&#8243; sticky_enabled=\u00bb0&#8243;][\/et_pb_image][\/et_pb_column][et_pb_column type=\u00bb1_4&#8243; _builder_version=\u00bb4.2.2&#8243;][et_pb_image src=\u00bbhttps:\/\/cloudcomunicaciones.cl\/web\/wp-content\/uploads\/2022\/06\/7.jpeg\u00bb title_text=\u00bb7&#8243; align=\u00bbcenter\u00bb _builder_version=\u00bb4.9.4&#8243; animation_style=\u00bbfade\u00bb hover_enabled=\u00bb0&#8243; sticky_enabled=\u00bb0&#8243;][\/et_pb_image][\/et_pb_column][et_pb_column type=\u00bb1_4&#8243; _builder_version=\u00bb4.2.2&#8243;][et_pb_image src=\u00bbhttps:\/\/cloudcomunicaciones.cl\/web\/wp-content\/uploads\/2022\/06\/8.jpeg\u00bb title_text=\u00bb8&#8243; align=\u00bbcenter\u00bb align_tablet=\u00bb\u00bb align_phone=\u00bb\u00bb align_last_edited=\u00bbon|phone\u00bb _builder_version=\u00bb4.9.4&#8243; animation_style=\u00bbfade\u00bb hover_enabled=\u00bb0&#8243; sticky_enabled=\u00bb0&#8243;][\/et_pb_image][\/et_pb_column][et_pb_column type=\u00bb1_4&#8243; _builder_version=\u00bb4.2.2&#8243;][et_pb_image src=\u00bbhttps:\/\/cloudcomunicaciones.cl\/web\/wp-content\/uploads\/2022\/06\/WhatsApp-Image-2022-06-03-at-2.52.38-PM.jpeg\u00bb title_text=\u00bbWhatsApp Image 2022-06-03 at 2.52.38 PM\u00bb align=\u00bbcenter\u00bb align_tablet=\u00bb\u00bb align_phone=\u00bb\u00bb align_last_edited=\u00bbon|phone\u00bb _builder_version=\u00bb4.9.4&#8243; animation_style=\u00bbfade\u00bb hover_enabled=\u00bb0&#8243; sticky_enabled=\u00bb0&#8243;][\/et_pb_image][\/et_pb_column][\/et_pb_row][\/et_pb_section][et_pb_section fb_built=\u00bb1&#8243; _builder_version=\u00bb4.2.2&#8243; min_height=\u00bb233px\u00bb custom_padding=\u00bb0px|||||\u00bb][et_pb_row _builder_version=\u00bb4.9.4&#8243; animation_style=\u00bbfade\u00bb hover_enabled=\u00bb0&#8243; sticky_enabled=\u00bb0&#8243;][et_pb_column type=\u00bb4_4&#8243; _builder_version=\u00bb4.2.2&#8243;][et_pb_text _builder_version=\u00bb4.9.4&#8243; _module_preset=\u00bbdefault\u00bb text_font_size=\u00bb20px\u00bb text_text_color=\u00bb#6B6B6B\u00bb hover_enabled=\u00bb0&#8243; sticky_enabled=\u00bb0&#8243; text_orientation=\u00bbcenter\u00bb]Toda organizaci\u00f3n que contrate nuestra aplicaci\u00f3n m\u00f3vil, podr\u00e1 realizar sus votaciones electr\u00f3nicas de forma gratuita, a trav\u00e9s de nuestra plataforma www.votacionesenlinea.cl[\/et_pb_text][\/et_pb_column][\/et_pb_row][et_pb_row _builder_version=\u00bb4.9.4&#8243; _module_preset=\u00bbdefault\u00bb][et_pb_column _builder_version=\u00bb4.9.4&#8243; _module_preset=\u00bbdefault\u00bb type=\u00bb4_4&#8243;][et_pb_image src=\u00bbhttps:\/\/cloudcomunicaciones.cl\/web\/wp-content\/uploads\/2022\/06\/Captura-de-Pantalla-2022-06-03-a-las-14.33.33.png\u00bb _builder_version=\u00bb4.9.4&#8243; _module_preset=\u00bbdefault\u00bb title_text=\u00bbvotaciones gratuitas\u00bb hover_enabled=\u00bb0&#8243; sticky_enabled=\u00bb0&#8243;][\/et_pb_image][\/et_pb_column][\/et_pb_row][et_pb_row _builder_version=\u00bb4.9.4&#8243; animation_style=\u00bbfade\u00bb hover_enabled=\u00bb0&#8243; sticky_enabled=\u00bb0&#8243;][et_pb_column type=\u00bb4_4&#8243; _builder_version=\u00bb4.2.2&#8243;][et_pb_text _builder_version=\u00bb4.9.4&#8243; _module_preset=\u00bbdefault\u00bb text_font_size=\u00bb20px\u00bb text_text_color=\u00bb#6B6B6B\u00bb hover_enabled=\u00bb0&#8243; sticky_enabled=\u00bb0&#8243; text_orientation=\u00bbcenter\u00bb]Los usuarios de nuestra aplicaci\u00f3n, podr\u00e1n recibir beneficios y descuentos a trav\u00e9s de la gran red de comercios adheridos que estamos construyendo, con el objetivo de potenciar al peque\u00f1o y mediano comercio.[\/et_pb_text][et_pb_image src=\u00bbhttps:\/\/cloudcomunicaciones.cl\/web\/wp-content\/uploads\/2022\/06\/comercios.png\u00bb _builder_version=\u00bb4.9.4&#8243; _module_preset=\u00bbdefault\u00bb title_text=\u00bbcomercios\u00bb hover_enabled=\u00bb0&#8243; sticky_enabled=\u00bb0&#8243; align=\u00bbcenter\u00bb][\/et_pb_image][\/et_pb_column][\/et_pb_row][\/et_pb_section][et_pb_section fb_built=\u00bb1&#8243; _builder_version=\u00bb4.2.2&#8243; min_height=\u00bb233px\u00bb][et_pb_row _builder_version=\u00bb4.9.4&#8243; min_height=\u00bb284px\u00bb animation_style=\u00bbfade\u00bb][et_pb_column type=\u00bb4_4&#8243; _builder_version=\u00bb4.2.2&#8243;][et_pb_cta title=\u00bb\u00bfNECESITAS IMPLEMENTAR NUESTRA APP?\u00bb button_url=\u00bb@ET-DC@eyJkeW5hbWljIjp0cnVlLCJjb250ZW50IjoicG9zdF9saW5rX3VybF9wYWdlIiwic2V0dGluZ3MiOnsicG9zdF9pZCI6IjEzIn19@\u00bb button_text=\u00bbCont\u00e1ctanos AQU\u00cd\u00bb _builder_version=\u00bb4.9.4&#8243; _dynamic_attributes=\u00bbbutton_url\u00bb header_font=\u00bb||||||||\u00bb body_font=\u00bb||||||||\u00bb body_font_size=\u00bb18px\u00bb background_color=\u00bb#d68b00&#8243; hover_enabled=\u00bb0&#8243; sticky_enabled=\u00bb0&#8243;]<\/p>\n<p>Nuestro equipo de profesionales se pondr\u00e1 en contacto y gestionar\u00e1 una reuni\u00f3n para mostrar las bondades y m\u00f3dulos de nuestra App, as\u00ed como, tomar\u00e1 tus requerimientos en caso necesites integrar alguna funcionalidad espec\u00edfica de tu rubro u organizaci\u00f3n.<\/p>\n<p>[\/et_pb_cta][\/et_pb_column][\/et_pb_row][\/et_pb_section]<\/p>\n","protected":false},"excerpt":{"rendered":"<p>[et_pb_section fb_built=\u00bb1&#8243; _builder_version=\u00bb4.2.2&#8243; custom_padding=\u00bb||0px|||\u00bb][et_pb_row _builder_version=\u00bb4.2.2&#8243; min_height=\u00bb180px\u00bb][et_pb_column type=\u00bb4_4&#8243; _builder_version=\u00bb4.2.2&#8243;][et_pb_image src=\u00bbhttps:\/\/cloudcomunicaciones.cl\/web\/wp-content\/uploads\/2022\/03\/Captura-de-Pantalla-2022-03-23-a-las-18.33.15.png\u00bb title_text=\u00bbCaptura de Pantalla 2022-03-23 a la(s) 18.33.15&#8243; _builder_version=\u00bb4.9.4&#8243; _module_preset=\u00bbdefault\u00bb width=\u00bb55%\u00bb module_alignment=\u00bbcenter\u00bb][\/et_pb_image][et_pb_text _builder_version=\u00bb4.9.4&#8243; text_font=\u00bb|700|||||||\u00bb text_text_color=\u00bb#6b6b6b\u00bb text_font_size=\u00bb50px\u00bb text_line_height=\u00bb1.1em\u00bb text_orientation=\u00bbcenter\u00bb module_alignment=\u00bbcenter\u00bb min_height=\u00bb86px\u00bb custom_margin=\u00bb0px||||false|false\u00bb] Transformamos digitalmente tu organizaci\u00f3n [\/et_pb_text][\/et_pb_column][\/et_pb_row][et_pb_row _builder_version=\u00bb4.2.2&#8243;][et_pb_column type=\u00bb4_4&#8243; _builder_version=\u00bb4.2.2&#8243;][et_pb_text _builder_version=\u00bb4.9.4&#8243; text_font=\u00bb|700|||||||\u00bb width=\u00bb60%\u00bb module_alignment=\u00bbcenter\u00bb] Cada vez son m\u00e1s las organizaciones que gestionan su comunidad con nuestra App [\/et_pb_text][\/et_pb_column][\/et_pb_row][et_pb_row [&hellip;]<\/p>\n","protected":false},"author":1,"featured_media":0,"parent":0,"menu_order":0,"comment_status":"closed","ping_status":"closed","template":"","meta":{"_et_pb_use_builder":"on","_et_pb_old_content":"","_et_gb_content_width":"","footnotes":""},"class_list":["post-257","page","type-page","status-publish","hentry"],"_links":{"self":[{"href":"https:\/\/cloudcomunicaciones.cl\/web\/wp-json\/wp\/v2\/pages\/257","targetHints":{"allow":["GET"]}}],"collection":[{"href":"https:\/\/cloudcomunicaciones.cl\/web\/wp-json\/wp\/v2\/pages"}],"about":[{"href":"https:\/\/cloudcomunicaciones.cl\/web\/wp-json\/wp\/v2\/types\/page"}],"author":[{"embeddable":true,"href":"https:\/\/cloudcomunicaciones.cl\/web\/wp-json\/wp\/v2\/users\/1"}],"replies":[{"embeddable":true,"href":"https:\/\/cloudcomunicaciones.cl\/web\/wp-json\/wp\/v2\/comments?post=257"}],"version-history":[{"count":16,"href":"https:\/\/cloudcomunicaciones.cl\/web\/wp-json\/wp\/v2\/pages\/257\/revisions"}],"predecessor-version":[{"id":694,"href":"https:\/\/cloudcomunicaciones.cl\/web\/wp-json\/wp\/v2\/pages\/257\/revisions\/694"}],"wp:attachment":[{"href":"https:\/\/cloudcomunicaciones.cl\/web\/wp-json\/wp\/v2\/media?parent=257"}],"curies":[{"name":"wp","href":"https:\/\/api.w.org\/{rel}","templated":true}]}}