{"id":505,"date":"2021-08-04T23:54:11","date_gmt":"2021-08-04T23:54:11","guid":{"rendered":"https:\/\/cloudcomunicaciones.cl\/web\/?page_id=505"},"modified":"2021-08-05T00:02:28","modified_gmt":"2021-08-05T00:02:28","slug":"diseno","status":"publish","type":"page","link":"https:\/\/cloudcomunicaciones.cl\/web\/diseno\/","title":{"rendered":"Dise\u00f1o Gr\u00e1fico"},"content":{"rendered":"[et_pb_section fb_built=\u00bb1&#8243; admin_label=\u00bbsection\u00bb _builder_version=\u00bb3.22&#8243;][et_pb_row admin_label=\u00bbrow\u00bb _builder_version=\u00bb3.25&#8243; background_size=\u00bbinitial\u00bb background_position=\u00bbtop_left\u00bb background_repeat=\u00bbrepeat\u00bb custom_padding=\u00bb||1px|||\u00bb][et_pb_column type=\u00bb4_4&#8243; _builder_version=\u00bb3.25&#8243; custom_padding=\u00bb|||\u00bb custom_padding__hover=\u00bb|||\u00bb][et_pb_text admin_label=\u00bbText\u00bb _builder_version=\u00bb4.9.4&#8243; background_size=\u00bbinitial\u00bb background_position=\u00bbtop_left\u00bb background_repeat=\u00bbrepeat\u00bb hover_enabled=\u00bb0&#8243; sticky_enabled=\u00bb0&#8243;]<h2><span style=\"color: #000000;\">Dise\u00f1o gr\u00e1fico<\/span><\/h2>\n<p><span style=\"color: #000000;\"><\/span><\/p>\n<p><span style=\"color: #000000;\">Dise\u00f1amos todo lo que necesites, tenemos experiencia en distintos sectores, en especial: Puerto, Educaci\u00f3n y Tecnolog\u00eda.<\/span><\/p>\n<blockquote>\n<h3>\u201cEl dise\u00f1o es el embajador silencioso de tu marca\u201d. (Paul Brand)<\/h3>\n<\/blockquote>\n<p><span style=\"color: #0a0a0a; font-size: 14px;\">A continuaci\u00f3n, algunos de nuestros trabajos m\u00e1s recientes:<\/span><span style=\"color: #000000;\"><\/span><span style=\"color: #000000;\"><!-- \/wp:post-content --><\/span><!-- \/wp:image --><span style=\"color: #000000;\"><!-- wp:image {\"id\":495,\"sizeSlug\":\"full\",\"linkDestination\":\"none\"} --><\/span><\/p>\n<p><!-- \/wp:paragraph --><\/p>[\/et_pb_text][\/et_pb_column][\/et_pb_row][et_pb_row _builder_version=\u00bb4.9.4&#8243; _module_preset=\u00bbdefault\u00bb][et_pb_column _builder_version=\u00bb4.9.4&#8243; _module_preset=\u00bbdefault\u00bb type=\u00bb4_4&#8243;][et_pb_image src=\u00bbhttps:\/\/cloudcomunicaciones.cl\/web\/wp-content\/uploads\/2021\/08\/INV-OP2.gif\u00bb _builder_version=\u00bb4.9.4&#8243; _module_preset=\u00bbdefault\u00bb title_text=\u00bbINV-OP2&#8243; hover_enabled=\u00bb0&#8243; sticky_enabled=\u00bb0&#8243; min_height=\u00bb633.6px\u00bb][\/et_pb_image][\/et_pb_column][\/et_pb_row][et_pb_row _builder_version=\u00bb4.9.4&#8243; _module_preset=\u00bbdefault\u00bb column_structure=\u00bb1_2,1_2&#8243; hover_enabled=\u00bb0&#8243; sticky_enabled=\u00bb0&#8243;][et_pb_column _builder_version=\u00bb4.9.4&#8243; _module_preset=\u00bbdefault\u00bb type=\u00bb1_2&#8243;][et_pb_image src=\u00bbhttps:\/\/cloudcomunicaciones.cl\/web\/wp-content\/uploads\/2021\/08\/FBIGWSP-1080X1080-1.jpg\u00bb _builder_version=\u00bb4.9.4&#8243; _module_preset=\u00bbdefault\u00bb title_text=\u00bbTWITTER 1572X874&#8243; hover_enabled=\u00bb0&#8243; sticky_enabled=\u00bb0&#8243;][\/et_pb_image][et_pb_image src=\u00bbhttps:\/\/cloudcomunicaciones.cl\/web\/wp-content\/uploads\/2021\/08\/FBIGWSP-paso-a-paso-1080&#215;1080-1.jpg\u00bb _builder_version=\u00bb4.9.4&#8243; _module_preset=\u00bbdefault\u00bb title_text=\u00bbpaso a paso\u00bb hover_enabled=\u00bb0&#8243; sticky_enabled=\u00bb0&#8243;][\/et_pb_image][\/et_pb_column][et_pb_column _builder_version=\u00bb4.9.4&#8243; _module_preset=\u00bbdefault\u00bb type=\u00bb1_2&#8243;][et_pb_image src=\u00bbhttps:\/\/cloudcomunicaciones.cl\/web\/wp-content\/uploads\/2021\/08\/FBIG-1080X10801.jpg\u00bb _builder_version=\u00bb4.9.4&#8243; _module_preset=\u00bbdefault\u00bb title_text=\u00bbFB:IG 1080X1080&#8243; hover_enabled=\u00bb0&#8243; sticky_enabled=\u00bb0&#8243;][\/et_pb_image][et_pb_image src=\u00bbhttps:\/\/cloudcomunicaciones.cl\/web\/wp-content\/uploads\/2021\/08\/Captura-de-Pantalla-2021-08-04-a-las-19.49.47.png\u00bb _builder_version=\u00bb4.9.4&#8243; _module_preset=\u00bbdefault\u00bb title_text=\u00bbCaptura de Pantalla 2021-08-04 a la(s) 19.49.47&#8243; hover_enabled=\u00bb0&#8243; sticky_enabled=\u00bb0&#8243; url=\u00bbhttps:\/\/epi.cl\/docs\/memoria2020.pdf\u00bb url_new_window=\u00bbon\u00bb][\/et_pb_image][\/et_pb_column][\/et_pb_row][\/et_pb_section]","protected":false},"excerpt":{"rendered":"<p>[et_pb_section fb_built=\u00bb1&#8243; admin_label=\u00bbsection\u00bb _builder_version=\u00bb3.22&#8243;][et_pb_row admin_label=\u00bbrow\u00bb _builder_version=\u00bb3.25&#8243; background_size=\u00bbinitial\u00bb background_position=\u00bbtop_left\u00bb background_repeat=\u00bbrepeat\u00bb custom_padding=\u00bb||1px|||\u00bb][et_pb_column type=\u00bb4_4&#8243; _builder_version=\u00bb3.25&#8243; custom_padding=\u00bb|||\u00bb custom_padding__hover=\u00bb|||\u00bb][et_pb_text admin_label=\u00bbText\u00bb _builder_version=\u00bb4.9.4&#8243; background_size=\u00bbinitial\u00bb background_position=\u00bbtop_left\u00bb background_repeat=\u00bbrepeat\u00bb hover_enabled=\u00bb0&#8243; sticky_enabled=\u00bb0&#8243;] Dise\u00f1o gr\u00e1fico Dise\u00f1amos todo lo que necesites, tenemos experiencia en distintos sectores, en especial: Puerto, Educaci\u00f3n y Tecnolog\u00eda. \u201cEl dise\u00f1o es el embajador silencioso de tu marca\u201d. (Paul Brand) A continuaci\u00f3n, algunos de nuestros [&hellip;]<\/p>\n","protected":false},"author":1,"featured_media":0,"parent":0,"menu_order":0,"comment_status":"closed","ping_status":"closed","template":"","meta":{"_et_pb_use_builder":"on","_et_pb_old_content":"","_et_gb_content_width":"","footnotes":""},"class_list":["post-505","page","type-page","status-publish","hentry"],"_links":{"self":[{"href":"https:\/\/cloudcomunicaciones.cl\/web\/wp-json\/wp\/v2\/pages\/505","targetHints":{"allow":["GET"]}}],"collection":[{"href":"https:\/\/cloudcomunicaciones.cl\/web\/wp-json\/wp\/v2\/pages"}],"about":[{"href":"https:\/\/cloudcomunicaciones.cl\/web\/wp-json\/wp\/v2\/types\/page"}],"author":[{"embeddable":true,"href":"https:\/\/cloudcomunicaciones.cl\/web\/wp-json\/wp\/v2\/users\/1"}],"replies":[{"embeddable":true,"href":"https:\/\/cloudcomunicaciones.cl\/web\/wp-json\/wp\/v2\/comments?post=505"}],"version-history":[{"count":4,"href":"https:\/\/cloudcomunicaciones.cl\/web\/wp-json\/wp\/v2\/pages\/505\/revisions"}],"predecessor-version":[{"id":530,"href":"https:\/\/cloudcomunicaciones.cl\/web\/wp-json\/wp\/v2\/pages\/505\/revisions\/530"}],"wp:attachment":[{"href":"https:\/\/cloudcomunicaciones.cl\/web\/wp-json\/wp\/v2\/media?parent=505"}],"curies":[{"name":"wp","href":"https:\/\/api.w.org\/{rel}","templated":true}]}}