{"id":534,"date":"2021-08-05T00:28:30","date_gmt":"2021-08-05T00:28:30","guid":{"rendered":"https:\/\/cloudcomunicaciones.cl\/web\/?page_id=534"},"modified":"2021-08-05T00:33:22","modified_gmt":"2021-08-05T00:33:22","slug":"diseno-web","status":"publish","type":"page","link":"https:\/\/cloudcomunicaciones.cl\/web\/diseno-web\/","title":{"rendered":""},"content":{"rendered":"[et_pb_section fb_built=\u00bb1&#8243; admin_label=\u00bbsection\u00bb _builder_version=\u00bb3.22&#8243;][et_pb_row admin_label=\u00bbrow\u00bb _builder_version=\u00bb3.25&#8243; background_size=\u00bbinitial\u00bb background_position=\u00bbtop_left\u00bb background_repeat=\u00bbrepeat\u00bb custom_padding=\u00bb||1px|||\u00bb][et_pb_column type=\u00bb4_4&#8243; _builder_version=\u00bb3.25&#8243; custom_padding=\u00bb|||\u00bb custom_padding__hover=\u00bb|||\u00bb][et_pb_text admin_label=\u00bbText\u00bb _builder_version=\u00bb4.9.4&#8243; background_size=\u00bbinitial\u00bb background_position=\u00bbtop_left\u00bb background_repeat=\u00bbrepeat\u00bb hover_enabled=\u00bb0&#8243; sticky_enabled=\u00bb0&#8243;]<h2><span style=\"color: #000000;\">Dise\u00f1o y Desarrollo web, de plataformas y APPs<\/span><\/h2>\n<p><span style=\"color: #000000;\"><\/span><\/p>\n<p><span style=\"color: #000000;\">Dise\u00f1amos comprendiendo a fondo tus necesidades. Tenemos experiencia en dise\u00f1o web, Intranet, APPs propias y personalizadas.\u00a0<\/span><\/p>\n<blockquote>\n<h3>\u201cEl dise\u00f1o es donde la ciencia y el arte se equilibran\u00bb &#8211; Robin Mathew<\/h3>\n<\/blockquote>\n<p><span style=\"color: #0a0a0a; font-size: 14px;\">A continuaci\u00f3n, algunos de nuestros trabajos m\u00e1s recientes:<\/span><span style=\"color: #000000;\"><\/span><span style=\"color: #000000;\"><!-- \/wp:post-content --><\/span><!-- \/wp:image --><span style=\"color: #000000;\"><!-- wp:image {\"id\":495,\"sizeSlug\":\"full\",\"linkDestination\":\"none\"} --><\/span><\/p>\n<p><!-- \/wp:paragraph --><\/p>[\/et_pb_text][\/et_pb_column][\/et_pb_row][et_pb_row column_structure=\u00bb1_2,1_2&#8243; _builder_version=\u00bb4.9.4&#8243; _module_preset=\u00bbdefault\u00bb][et_pb_column type=\u00bb1_2&#8243; _builder_version=\u00bb4.9.4&#8243; _module_preset=\u00bbdefault\u00bb][et_pb_image src=\u00bbhttps:\/\/cloudcomunicaciones.cl\/web\/wp-content\/uploads\/2021\/08\/Captura-de-Pantalla-2021-08-04-a-las-20.21.56.png\u00bb title_text=\u00bbCaptura de Pantalla 2021-08-04 a la(s) 20.21.56&#8243; _builder_version=\u00bb4.9.4&#8243; _module_preset=\u00bbdefault\u00bb hover_enabled=\u00bb0&#8243; url=\u00bbhttps:\/\/www.colegiolirima.cl\/\u00bb url_new_window=\u00bbon\u00bb sticky_enabled=\u00bb0&#8243;][\/et_pb_image][et_pb_image src=\u00bbhttps:\/\/cloudcomunicaciones.cl\/web\/wp-content\/uploads\/2021\/08\/Captura-de-Pantalla-2021-08-04-a-las-20.22.46.png\u00bb title_text=\u00bbCaptura de Pantalla 2021-08-04 a la(s) 20.22.46&#8243; _builder_version=\u00bb4.9.4&#8243; _module_preset=\u00bbdefault\u00bb hover_enabled=\u00bb0&#8243; url=\u00bbhttps:\/\/www.ebpa.cl\/\u00bb url_new_window=\u00bbon\u00bb sticky_enabled=\u00bb0&#8243;][\/et_pb_image][\/et_pb_column][et_pb_column type=\u00bb1_2&#8243; _builder_version=\u00bb4.9.4&#8243; _module_preset=\u00bbdefault\u00bb][et_pb_image src=\u00bbhttps:\/\/cloudcomunicaciones.cl\/web\/wp-content\/uploads\/2021\/08\/Captura-de-Pantalla-2021-08-04-a-las-20.22.37.png\u00bb title_text=\u00bbCaptura de Pantalla 2021-08-04 a la(s) 20.22.37&#8243; _builder_version=\u00bb4.9.4&#8243; _module_preset=\u00bbdefault\u00bb hover_enabled=\u00bb0&#8243; url=\u00bbhttps:\/\/epi.cl\/\u00bb url_new_window=\u00bbon\u00bb sticky_enabled=\u00bb0&#8243;][\/et_pb_image][et_pb_image src=\u00bbhttps:\/\/cloudcomunicaciones.cl\/web\/wp-content\/uploads\/2021\/08\/Captura-de-Pantalla-2021-08-04-a-las-20.25.06.png\u00bb title_text=\u00bbCaptura de Pantalla 2021-08-04 a la(s) 20.25.06&#8243; url=\u00bbhttps:\/\/jhb.cl\/\u00bb url_new_window=\u00bbon\u00bb _builder_version=\u00bb4.9.4&#8243; _module_preset=\u00bbdefault\u00bb hover_enabled=\u00bb0&#8243; sticky_enabled=\u00bb0&#8243;][\/et_pb_image][\/et_pb_column][\/et_pb_row][\/et_pb_section]","protected":false},"excerpt":{"rendered":"<p>[et_pb_section fb_built=\u00bb1&#8243; admin_label=\u00bbsection\u00bb _builder_version=\u00bb3.22&#8243;][et_pb_row admin_label=\u00bbrow\u00bb _builder_version=\u00bb3.25&#8243; background_size=\u00bbinitial\u00bb background_position=\u00bbtop_left\u00bb background_repeat=\u00bbrepeat\u00bb custom_padding=\u00bb||1px|||\u00bb][et_pb_column type=\u00bb4_4&#8243; _builder_version=\u00bb3.25&#8243; custom_padding=\u00bb|||\u00bb custom_padding__hover=\u00bb|||\u00bb][et_pb_text admin_label=\u00bbText\u00bb _builder_version=\u00bb4.9.4&#8243; background_size=\u00bbinitial\u00bb background_position=\u00bbtop_left\u00bb background_repeat=\u00bbrepeat\u00bb hover_enabled=\u00bb0&#8243; sticky_enabled=\u00bb0&#8243;] Dise\u00f1o y Desarrollo web, de plataformas y APPs Dise\u00f1amos comprendiendo a fondo tus necesidades. Tenemos experiencia en dise\u00f1o web, Intranet, APPs propias y personalizadas.\u00a0 \u201cEl dise\u00f1o es donde la ciencia y el arte se [&hellip;]<\/p>\n","protected":false},"author":1,"featured_media":0,"parent":0,"menu_order":0,"comment_status":"closed","ping_status":"closed","template":"","meta":{"_et_pb_use_builder":"on","_et_pb_old_content":"","_et_gb_content_width":"","footnotes":""},"class_list":["post-534","page","type-page","status-publish","hentry"],"_links":{"self":[{"href":"https:\/\/cloudcomunicaciones.cl\/web\/wp-json\/wp\/v2\/pages\/534","targetHints":{"allow":["GET"]}}],"collection":[{"href":"https:\/\/cloudcomunicaciones.cl\/web\/wp-json\/wp\/v2\/pages"}],"about":[{"href":"https:\/\/cloudcomunicaciones.cl\/web\/wp-json\/wp\/v2\/types\/page"}],"author":[{"embeddable":true,"href":"https:\/\/cloudcomunicaciones.cl\/web\/wp-json\/wp\/v2\/users\/1"}],"replies":[{"embeddable":true,"href":"https:\/\/cloudcomunicaciones.cl\/web\/wp-json\/wp\/v2\/comments?post=534"}],"version-history":[{"count":4,"href":"https:\/\/cloudcomunicaciones.cl\/web\/wp-json\/wp\/v2\/pages\/534\/revisions"}],"predecessor-version":[{"id":547,"href":"https:\/\/cloudcomunicaciones.cl\/web\/wp-json\/wp\/v2\/pages\/534\/revisions\/547"}],"wp:attachment":[{"href":"https:\/\/cloudcomunicaciones.cl\/web\/wp-json\/wp\/v2\/media?parent=534"}],"curies":[{"name":"wp","href":"https:\/\/api.w.org\/{rel}","templated":true}]}}