{"id":7,"date":"2020-05-04T18:38:12","date_gmt":"2020-05-04T18:38:12","guid":{"rendered":"https:\/\/cloudcomunicaciones.cl\/web\/?page_id=7"},"modified":"2021-07-06T23:44:19","modified_gmt":"2021-07-06T23:44:19","slug":"hosting","status":"publish","type":"page","link":"https:\/\/cloudcomunicaciones.cl\/web\/hosting\/","title":{"rendered":"Hosting"},"content":{"rendered":"<p>[et_pb_section fb_built=\u00bb1&#8243; _builder_version=\u00bb3.22&#8243;][et_pb_row _builder_version=\u00bb3.25&#8243; background_size=\u00bbinitial\u00bb background_position=\u00bbtop_left\u00bb background_repeat=\u00bbrepeat\u00bb][et_pb_column type=\u00bb4_4&#8243; _builder_version=\u00bb3.25&#8243; custom_padding=\u00bb|||\u00bb custom_padding__hover=\u00bb|||\u00bb][et_pb_text _builder_version=\u00bb4.9.4&#8243; text_font=\u00bb||||||||\u00bb background_size=\u00bbinitial\u00bb background_position=\u00bbtop_left\u00bb background_repeat=\u00bbrepeat\u00bb]<\/p>\n<p><!-- divi:paragraph {\"align\":\"center\"} --><\/p>\n<h1 class=\"has-text-align-center\" style=\"text-align: justify;\"><strong>PLANES DE HOSTING<\/strong><\/h1>\n<h4 class=\"has-text-align-center\" style=\"text-align: justify;\">Todos nuestros proyectos contemplan la soluci\u00f3n integral para nuestros clientes, asesor\u00e1ndolos en la adquisici\u00f3n de la mejor infraestructura y soporte para sus sitios y plataformas online.<\/h4>\n<p><!-- \/divi:paragraph --><\/p>\n<p>[\/et_pb_text][\/et_pb_column][\/et_pb_row][et_pb_row column_structure=\u00bb1_3,1_3,1_3&#8243; _builder_version=\u00bb4.2.2&#8243;][et_pb_column type=\u00bb1_3&#8243; _builder_version=\u00bb4.2.2&#8243;][et_pb_pricing_tables featured_table_background_color=\u00bb#e02b20&#8243; _builder_version=\u00bb4.2.2&#8243; currency_frequency_font_size=\u00bb13px\u00bb currency_frequency_line_height=\u00bb1.8em\u00bb width=\u00bb100%\u00bb][et_pb_pricing_table title=\u00bbHOSTING TRADICIONAL\u00bb subtitle=\u00bbPara sitios est\u00e1ticos\u00bb sum=\u00bb$50.000&#8243; button_text=\u00bbContratar\u00bb header_background_color=\u00bb#0c71c3&#8243; _builder_version=\u00bb4.2.2&#8243; sticky_transition=\u00bbon\u00bb]<\/p>\n<p>Valor anual neto<\/p>\n<p>3GB Espacio<\/p>\n<p>5 Correos electr\u00f3nicos<\/p>\n<p>1BD Mysql<\/p>\n<p>Transferencia ilimitada<\/p>\n<p>Soporte 24\/7<\/p>\n<p>[\/et_pb_pricing_table][\/et_pb_pricing_tables][\/et_pb_column][et_pb_column type=\u00bb1_3&#8243; _builder_version=\u00bb4.2.2&#8243;][et_pb_pricing_tables _builder_version=\u00bb4.2.2&#8243;][et_pb_pricing_table title=\u00bbHosting Especializado \u00bb subtitle=\u00bbWordpress \/ Woocomerce\u00bb sum=\u00bb159.900&#8243; button_text=\u00bb+ IVA\u00bb header_background_color=\u00bb#0c71c3&#8243; _builder_version=\u00bb4.2.2&#8243; sticky_transition=\u00bbon\u00bb]<\/p>\n<p>Valor anual neto<\/p>\n<p>2GB Espacio<\/p>\n<p>Email ilimitados<\/p>\n<p>1 BD Mysql<\/p>\n<p>Transferencia ilimitada<\/p>\n<p>Certificado SSL Inclu\u00eddo<\/p>\n<p>Soporte 24\/7<\/p>\n<p>[\/et_pb_pricing_table][\/et_pb_pricing_tables][\/et_pb_column][et_pb_column type=\u00bb1_3&#8243; _builder_version=\u00bb4.2.2&#8243;][et_pb_pricing_tables _builder_version=\u00bb4.2.2&#8243;][et_pb_pricing_table title=\u00bbVPS Base\u00bb subtitle=\u00bbProyectos espec\u00edficos\u00bb sum=\u00bb80.000 \u00bb button_text=\u00bb+ IVA mensual\u00bb header_background_color=\u00bb#0c71c3&#8243; _builder_version=\u00bb4.2.2&#8243; sticky_transition=\u00bbon\u00bb]<\/p>\n<p>Valor mensual neto<\/p>\n<p>2GB Ram<\/p>\n<p>30 GB Espacio<\/p>\n<p>Transferencia ilimitada<\/p>\n<p>1 Direcci\u00f3n IP<\/p>\n<p>Certificado SSL habilitado<\/p>\n<p>Soporte 24\/7<\/p>\n<p>[\/et_pb_pricing_table][\/et_pb_pricing_tables][\/et_pb_column][\/et_pb_row][\/et_pb_section]<\/p>\n","protected":false},"excerpt":{"rendered":"<p>[et_pb_section fb_built=\u00bb1&#8243; _builder_version=\u00bb3.22&#8243;][et_pb_row _builder_version=\u00bb3.25&#8243; background_size=\u00bbinitial\u00bb background_position=\u00bbtop_left\u00bb background_repeat=\u00bbrepeat\u00bb][et_pb_column type=\u00bb4_4&#8243; _builder_version=\u00bb3.25&#8243; custom_padding=\u00bb|||\u00bb custom_padding__hover=\u00bb|||\u00bb][et_pb_text _builder_version=\u00bb4.9.4&#8243; text_font=\u00bb||||||||\u00bb background_size=\u00bbinitial\u00bb background_position=\u00bbtop_left\u00bb background_repeat=\u00bbrepeat\u00bb] PLANES DE HOSTING Todos nuestros proyectos contemplan la soluci\u00f3n integral para nuestros clientes, asesor\u00e1ndolos en la adquisici\u00f3n de la mejor infraestructura y soporte para sus sitios y plataformas online. [\/et_pb_text][\/et_pb_column][\/et_pb_row][et_pb_row column_structure=\u00bb1_3,1_3,1_3&#8243; _builder_version=\u00bb4.2.2&#8243;][et_pb_column type=\u00bb1_3&#8243; _builder_version=\u00bb4.2.2&#8243;][et_pb_pricing_tables featured_table_background_color=\u00bb#e02b20&#8243; _builder_version=\u00bb4.2.2&#8243; currency_frequency_font_size=\u00bb13px\u00bb currency_frequency_line_height=\u00bb1.8em\u00bb width=\u00bb100%\u00bb][et_pb_pricing_table [&hellip;]<\/p>\n","protected":false},"author":1,"featured_media":0,"parent":0,"menu_order":0,"comment_status":"closed","ping_status":"closed","template":"","meta":{"_et_pb_use_builder":"on","_et_pb_old_content":"<!-- wp:paragraph {\"align\":\"center\"} -->\n<p class=\"has-text-align-center\">Nuestros planes de hosting son los siguientes:<\/p>\n<!-- \/wp:paragraph -->","_et_gb_content_width":"1080","footnotes":""},"class_list":["post-7","page","type-page","status-publish","hentry"],"_links":{"self":[{"href":"https:\/\/cloudcomunicaciones.cl\/web\/wp-json\/wp\/v2\/pages\/7","targetHints":{"allow":["GET"]}}],"collection":[{"href":"https:\/\/cloudcomunicaciones.cl\/web\/wp-json\/wp\/v2\/pages"}],"about":[{"href":"https:\/\/cloudcomunicaciones.cl\/web\/wp-json\/wp\/v2\/types\/page"}],"author":[{"embeddable":true,"href":"https:\/\/cloudcomunicaciones.cl\/web\/wp-json\/wp\/v2\/users\/1"}],"replies":[{"embeddable":true,"href":"https:\/\/cloudcomunicaciones.cl\/web\/wp-json\/wp\/v2\/comments?post=7"}],"version-history":[{"count":8,"href":"https:\/\/cloudcomunicaciones.cl\/web\/wp-json\/wp\/v2\/pages\/7\/revisions"}],"predecessor-version":[{"id":408,"href":"https:\/\/cloudcomunicaciones.cl\/web\/wp-json\/wp\/v2\/pages\/7\/revisions\/408"}],"wp:attachment":[{"href":"https:\/\/cloudcomunicaciones.cl\/web\/wp-json\/wp\/v2\/media?parent=7"}],"curies":[{"name":"wp","href":"https:\/\/api.w.org\/{rel}","templated":true}]}}